{"id":1474,"date":"2026-01-13T16:44:45","date_gmt":"2026-01-13T15:44:45","guid":{"rendered":"https:\/\/zdrowiebezlekarza.pl\/sklep\/?post_type=product&#038;p=1474"},"modified":"2026-01-13T16:47:40","modified_gmt":"2026-01-13T15:47:40","slug":"spersonalizowany-jadlospis","status":"publish","type":"product","link":"https:\/\/zdrowiebezlekarza.pl\/sklep\/produkt\/spersonalizowany-jadlospis\/","title":{"rendered":"Spersonalizowany jad\u0142ospis"},"content":{"rendered":"<p data-path-to-node=\"4\"><b data-path-to-node=\"4\" data-index-in-node=\"0\">Szukasz diety, kt\u00f3ra w ko\u0144cu zadzia\u0142a? Zapomnij o uniwersalnych jad\u0142ospisach z Internetu. Postaw na plan \u017cywieniowy, kt\u00f3ry jest tak unikalny, jak Tw\u00f3j organizm.<\/b><\/p>\n<p data-path-to-node=\"5\">Nasz <b data-path-to-node=\"5\" data-index-in-node=\"5\">spersonalizowany jad\u0142ospis<\/b> to narz\u0119dzie stworzone przez dietetyka klinicznego, dedykowane osobom dbaj\u0105cym o zdrowie, zmagaj\u0105cym si\u0119 z chorobami nerek, jelit czy wspieraj\u0105cym organizm w chorobie onkologicznej.<\/p>\n<h3 data-path-to-node=\"6\">\u26a0\ufe0f Wa\u017cna informacja: Jako\u015b\u0107 wymaga poznania<\/h3>\n<p data-path-to-node=\"7\">Z dba\u0142o\u015bci o Twoje bezpiecze\u0144stwo, jad\u0142ospis <b data-path-to-node=\"7\" data-index-in-node=\"45\">nie jest dost\u0119pny w sprzeda\u017cy bez wcze\u015bniejszej konsultacji dietetycznej<\/b>. Dlaczego? Poniewa\u017c, aby dieta by\u0142a skuteczna i lecznicza, musz\u0119 pozna\u0107 Twoje parametry:<\/p>\n<ul data-path-to-node=\"8\">\n<li>\n<p data-path-to-node=\"8,0,0\">P\u0142e\u0107, wiek, wzrost i aktualn\u0105 mas\u0119 cia\u0142a.<\/p>\n<\/li>\n<li>\n<p data-path-to-node=\"8,1,0\">Tw\u00f3j konkretny cel zdrowotny lub sylwetkowy.<\/p>\n<\/li>\n<li>\n<p data-path-to-node=\"8,2,0\">Wyniki bada\u0144 i histori\u0119 chor\u00f3b.<\/p>\n<\/li>\n<li>\n<p data-path-to-node=\"8,3,0\">Twoje codzienne zwyczaje i preferencje smakowe.<\/p>\n<\/li>\n<\/ul>\n<p data-path-to-node=\"9\">Dopiero po przeprowadzeniu wywiadu podczas <a href=\"https:\/\/zdrowiebezlekarza.pl\/sklep\/produkt\/jednorazowa-wizyta-dietetyczna-online\/\"><b data-path-to-node=\"9\" data-index-in-node=\"43\">Pojedynczej Konsultacji<\/b><\/a> lub w ramach jednego z <a href=\"https:\/\/zdrowiebezlekarza.pl\/sklep\/produkt\/pakiet-rownowaga-12-wizyt\/\"><b data-path-to-node=\"9\" data-index-in-node=\"92\">Pakiet\u00f3w Wizyt<\/b><\/a>, jestem w stanie przygotowa\u0107 plan \u201euszyty na miar\u0119\u201d.<\/p>\n<hr data-path-to-node=\"10\" \/>\n<h3 data-path-to-node=\"11\">Jak wygl\u0105da Tw\u00f3j nowy jad\u0142ospis?<\/h3>\n<p data-path-to-node=\"12\">To nie jest sztywna rozpiska, kt\u00f3ra zmusza Ci\u0119 do jedzenia tego samego ka\u017cdego dnia. Stawiamy na <b data-path-to-node=\"12\" data-index-in-node=\"97\">elastyczno\u015b\u0107 i wygod\u0119<\/b>:<\/p>\n<ul data-path-to-node=\"13\">\n<li>\n<p data-path-to-node=\"13,0,0\"><b data-path-to-node=\"13,0,0\" data-index-in-node=\"0\">7 wariant\u00f3w ka\u017cdego posi\u0142ku:<\/b> Otrzymujesz 7 r\u00f3\u017cnych propozycji \u015bniada\u0144, 7 obiady i 7 kolacji. Mo\u017cliwe s\u0105 r\u00f3wnie\u017c dodatkowe posi\u0142ki.<\/p>\n<\/li>\n<li>\n<p data-path-to-node=\"13,1,0\"><b data-path-to-node=\"13,1,0\" data-index-in-node=\"0\">Dowolna konfiguracja:<\/b> Ty decydujesz, na co masz dzi\u015b ochot\u0119! Wybierasz jedno \u015bniadanie, jeden obiad i jedn\u0105 kolacj\u0119 z listy \u2013 i Tw\u00f3j idealnie zbilansowany plan na dzi\u015b jest gotowy.<\/p>\n<\/li>\n<li>\n<p data-path-to-node=\"13,2,0\"><b data-path-to-node=\"13,2,0\" data-index-in-node=\"0\">Brak nudy:<\/b> Dzi\u0119ki 7 kompozycjom na ka\u017cdy posi\u0142ek, mo\u017cesz cieszy\u0107 si\u0119 r\u00f3\u017cnorodno\u015bci\u0105 przez d\u0142ugi czas, nie wypadaj\u0105c z rytmu diety.<\/p>\n<\/li>\n<li>\n<p data-path-to-node=\"13,3,0\"><b data-path-to-node=\"13,3,0\" data-index-in-node=\"0\">Prostota i smak:<\/b> Posi\u0142ki s\u0105 dopasowane do Twoich umiej\u0119tno\u015bci kulinarnych i czasu, jakim dysponujesz.<\/p>\n<\/li>\n<\/ul>\n<h3 data-path-to-node=\"14\">Co zyskujesz?<\/h3>\n<ol start=\"1\" data-path-to-node=\"15\">\n<li>\n<p data-path-to-node=\"15,0,0\"><b data-path-to-node=\"15,0,0\" data-index-in-node=\"0\">Pewno\u015b\u0107 terapeutyczn\u0105:<\/b> Dieta wspomaga leczenie Twoich schorze\u0144 (np. dieta niskobia\u0142kowa w chorobach nerek czy lekkostrawna w onkologii).<\/p>\n<\/li>\n<li>\n<p data-path-to-node=\"15,1,0\"><b data-path-to-node=\"15,1,0\" data-index-in-node=\"0\">Oszcz\u0119dno\u015b\u0107 czasu:<\/b> Koniec z zastanawianiem si\u0119 \u201eco dzi\u015b zje\u015b\u0107?\u201d. Masz gotowe, zdrowe rozwi\u0105zania.<\/p>\n<\/li>\n<li>\n<p data-path-to-node=\"15,2,0\"><b data-path-to-node=\"15,2,0\" data-index-in-node=\"0\">Realne efekty:<\/b> Jad\u0142ospis uwzgl\u0119dnia Twoje zapotrzebowanie kaloryczne (CPM) oraz rozk\u0142ad makrosk\u0142adnik\u00f3w idealny dla Twojego celu.<\/p>\n<\/li>\n<\/ol>\n<hr data-path-to-node=\"16\" \/>\n<h3 data-path-to-node=\"17\">Jak zam\u00f3wi\u0107?<\/h3>\n<ol start=\"1\" data-path-to-node=\"18\">\n<li>\n<p data-path-to-node=\"18,0,0\"><b data-path-to-node=\"18,0,0\" data-index-in-node=\"0\">Krok 1:<\/b> Je\u015bli jeste\u015b nowym pacjentem, wykup najpierw <b data-path-to-node=\"18,0,0\" data-index-in-node=\"53\"><a href=\"https:\/\/zdrowiebezlekarza.pl\/sklep\/produkt\/jednorazowa-wizyta-dietetyczna-online\/\">Konsultacj\u0119 Dietetyczn\u0105 Online<\/a> lub <a href=\"https:\/\/zdrowiebezlekarza.pl\/sklep\/produkt\/pakiet-rownowaga-12-wizyt\/\">Pakiet wizyt<\/a><\/b>.<\/p>\n<\/li>\n<li>\n<p data-path-to-node=\"18,1,0\"><b data-path-to-node=\"18,1,0\" data-index-in-node=\"0\">Krok 2:<\/b> Podczas spotkania ustalimy wszystkie szczeg\u00f3\u0142y.<\/p>\n<\/li>\n<li>\n<p data-path-to-node=\"18,2,0\"><b data-path-to-node=\"18,2,0\" data-index-in-node=\"0\">Krok 3:<\/b> Wykup ten produkt, a w ci\u0105gu 7 dni roboczych otrzymasz sw\u00f3j spersonalizowany plan w formacie PDF.<\/p>\n<\/li>\n<\/ol>\n<p data-path-to-node=\"19\"><b data-path-to-node=\"19\" data-index-in-node=\"0\">Zacznij od\u017cywia\u0107 si\u0119 \u015bwiadomie pod opiek\u0105 dietetyka klinicznego!<\/b><\/p>\n","protected":false},"excerpt":{"rendered":"<p>uszyty na miar\u0119<\/p>\n","protected":false},"featured_media":1475,"comment_status":"closed","ping_status":"closed","template":"","meta":[],"product_brand":[],"product_cat":[203],"product_tag":[],"class_list":{"0":"post-1474","1":"product","2":"type-product","3":"status-publish","4":"has-post-thumbnail","6":"product_cat-konsultacje-online","8":"first","9":"instock","10":"shipping-taxable","11":"purchasable","12":"product-type-simple"},"yoast_head":"<!-- This site is optimized with the Yoast SEO plugin v27.3 - https:\/\/yoast.com\/product\/yoast-seo-wordpress\/ -->\n<title>Spersonalizowany jad\u0142ospis - Gabinet Dietetyczny MARCHEWKA<\/title>\n<meta name=\"robots\" content=\"index, follow, max-snippet:-1, max-image-preview:large, max-video-preview:-1\" \/>\n<link rel=\"canonical\" href=\"https:\/\/zdrowiebezlekarza.pl\/sklep\/produkt\/spersonalizowany-jadlospis\/\" \/>\n<meta property=\"og:locale\" content=\"pl_PL\" \/>\n<meta property=\"og:type\" content=\"article\" \/>\n<meta property=\"og:title\" content=\"Spersonalizowany jad\u0142ospis - Gabinet Dietetyczny MARCHEWKA\" \/>\n<meta property=\"og:description\" content=\"uszyty na miar\u0119\" \/>\n<meta property=\"og:url\" content=\"https:\/\/zdrowiebezlekarza.pl\/sklep\/produkt\/spersonalizowany-jadlospis\/\" \/>\n<meta property=\"og:site_name\" content=\"Gabinet Dietetyczny MARCHEWKA\" \/>\n<meta property=\"article:modified_time\" content=\"2026-01-13T15:47:40+00:00\" \/>\n<meta property=\"og:image\" content=\"https:\/\/zdrowiebezlekarza.pl\/sklep\/wp-content\/uploads\/2026\/01\/spersonalizowany-jadlospis-dietetyk-kliniczny.jpg\" \/>\n\t<meta property=\"og:image:width\" content=\"1080\" \/>\n\t<meta property=\"og:image:height\" content=\"1080\" \/>\n\t<meta property=\"og:image:type\" content=\"image\/jpeg\" \/>\n<meta name=\"twitter:card\" content=\"summary_large_image\" \/>\n<meta name=\"twitter:label1\" content=\"Szacowany czas czytania\" \/>\n\t<meta name=\"twitter:data1\" content=\"2 minuty\" \/>\n<script type=\"application\/ld+json\" class=\"yoast-schema-graph\">{\"@context\":\"https:\\\/\\\/schema.org\",\"@graph\":[{\"@type\":\"WebPage\",\"@id\":\"https:\\\/\\\/zdrowiebezlekarza.pl\\\/sklep\\\/produkt\\\/spersonalizowany-jadlospis\\\/\",\"url\":\"https:\\\/\\\/zdrowiebezlekarza.pl\\\/sklep\\\/produkt\\\/spersonalizowany-jadlospis\\\/\",\"name\":\"Spersonalizowany jad\u0142ospis - Gabinet Dietetyczny MARCHEWKA\",\"isPartOf\":{\"@id\":\"https:\\\/\\\/zdrowiebezlekarza.pl\\\/sklep\\\/#website\"},\"primaryImageOfPage\":{\"@id\":\"https:\\\/\\\/zdrowiebezlekarza.pl\\\/sklep\\\/produkt\\\/spersonalizowany-jadlospis\\\/#primaryimage\"},\"image\":{\"@id\":\"https:\\\/\\\/zdrowiebezlekarza.pl\\\/sklep\\\/produkt\\\/spersonalizowany-jadlospis\\\/#primaryimage\"},\"thumbnailUrl\":\"https:\\\/\\\/i0.wp.com\\\/zdrowiebezlekarza.pl\\\/sklep\\\/wp-content\\\/uploads\\\/2026\\\/01\\\/spersonalizowany-jadlospis-dietetyk-kliniczny.jpg?fit=1080%2C1080&ssl=1\",\"datePublished\":\"2026-01-13T15:44:45+00:00\",\"dateModified\":\"2026-01-13T15:47:40+00:00\",\"breadcrumb\":{\"@id\":\"https:\\\/\\\/zdrowiebezlekarza.pl\\\/sklep\\\/produkt\\\/spersonalizowany-jadlospis\\\/#breadcrumb\"},\"inLanguage\":\"pl-PL\",\"potentialAction\":[{\"@type\":\"ReadAction\",\"target\":[\"https:\\\/\\\/zdrowiebezlekarza.pl\\\/sklep\\\/produkt\\\/spersonalizowany-jadlospis\\\/\"]}]},{\"@type\":\"ImageObject\",\"inLanguage\":\"pl-PL\",\"@id\":\"https:\\\/\\\/zdrowiebezlekarza.pl\\\/sklep\\\/produkt\\\/spersonalizowany-jadlospis\\\/#primaryimage\",\"url\":\"https:\\\/\\\/i0.wp.com\\\/zdrowiebezlekarza.pl\\\/sklep\\\/wp-content\\\/uploads\\\/2026\\\/01\\\/spersonalizowany-jadlospis-dietetyk-kliniczny.jpg?fit=1080%2C1080&ssl=1\",\"contentUrl\":\"https:\\\/\\\/i0.wp.com\\\/zdrowiebezlekarza.pl\\\/sklep\\\/wp-content\\\/uploads\\\/2026\\\/01\\\/spersonalizowany-jadlospis-dietetyk-kliniczny.jpg?fit=1080%2C1080&ssl=1\",\"width\":1080,\"height\":1080,\"caption\":\"spersonalizowany-jadlospis-dietetyk-kliniczny\"},{\"@type\":\"BreadcrumbList\",\"@id\":\"https:\\\/\\\/zdrowiebezlekarza.pl\\\/sklep\\\/produkt\\\/spersonalizowany-jadlospis\\\/#breadcrumb\",\"itemListElement\":[{\"@type\":\"ListItem\",\"position\":1,\"name\":\"Strona g\u0142\u00f3wna\",\"item\":\"https:\\\/\\\/zdrowiebezlekarza.pl\\\/sklep\\\/\"},{\"@type\":\"ListItem\",\"position\":2,\"name\":\"Sklep\",\"item\":\"https:\\\/\\\/zdrowiebezlekarza.pl\\\/sklep\\\/sklep\\\/\"},{\"@type\":\"ListItem\",\"position\":3,\"name\":\"Spersonalizowany jad\u0142ospis\"}]},{\"@type\":\"WebSite\",\"@id\":\"https:\\\/\\\/zdrowiebezlekarza.pl\\\/sklep\\\/#website\",\"url\":\"https:\\\/\\\/zdrowiebezlekarza.pl\\\/sklep\\\/\",\"name\":\"Gabinet Dietetyczny MARCHEWKA\",\"description\":\"\",\"publisher\":{\"@id\":\"https:\\\/\\\/zdrowiebezlekarza.pl\\\/sklep\\\/#organization\"},\"potentialAction\":[{\"@type\":\"SearchAction\",\"target\":{\"@type\":\"EntryPoint\",\"urlTemplate\":\"https:\\\/\\\/zdrowiebezlekarza.pl\\\/sklep\\\/?s={search_term_string}\"},\"query-input\":{\"@type\":\"PropertyValueSpecification\",\"valueRequired\":true,\"valueName\":\"search_term_string\"}}],\"inLanguage\":\"pl-PL\"},{\"@type\":\"Organization\",\"@id\":\"https:\\\/\\\/zdrowiebezlekarza.pl\\\/sklep\\\/#organization\",\"name\":\"Gabinet Dietetyczny MARCHEWKA\",\"url\":\"https:\\\/\\\/zdrowiebezlekarza.pl\\\/sklep\\\/\",\"logo\":{\"@type\":\"ImageObject\",\"inLanguage\":\"pl-PL\",\"@id\":\"https:\\\/\\\/zdrowiebezlekarza.pl\\\/sklep\\\/#\\\/schema\\\/logo\\\/image\\\/\",\"url\":\"https:\\\/\\\/i0.wp.com\\\/zdrowiebezlekarza.pl\\\/sklep\\\/wp-content\\\/uploads\\\/2024\\\/12\\\/cropped-sklep-dietetyczny-marchewka.webp?fit=240%2C324&ssl=1\",\"contentUrl\":\"https:\\\/\\\/i0.wp.com\\\/zdrowiebezlekarza.pl\\\/sklep\\\/wp-content\\\/uploads\\\/2024\\\/12\\\/cropped-sklep-dietetyczny-marchewka.webp?fit=240%2C324&ssl=1\",\"width\":240,\"height\":324,\"caption\":\"Gabinet Dietetyczny MARCHEWKA\"},\"image\":{\"@id\":\"https:\\\/\\\/zdrowiebezlekarza.pl\\\/sklep\\\/#\\\/schema\\\/logo\\\/image\\\/\"}}]}<\/script>\n<!-- \/ Yoast SEO plugin. -->","yoast_head_json":{"title":"Spersonalizowany jad\u0142ospis - Gabinet Dietetyczny MARCHEWKA","robots":{"index":"index","follow":"follow","max-snippet":"max-snippet:-1","max-image-preview":"max-image-preview:large","max-video-preview":"max-video-preview:-1"},"canonical":"https:\/\/zdrowiebezlekarza.pl\/sklep\/produkt\/spersonalizowany-jadlospis\/","og_locale":"pl_PL","og_type":"article","og_title":"Spersonalizowany jad\u0142ospis - Gabinet Dietetyczny MARCHEWKA","og_description":"uszyty na miar\u0119","og_url":"https:\/\/zdrowiebezlekarza.pl\/sklep\/produkt\/spersonalizowany-jadlospis\/","og_site_name":"Gabinet Dietetyczny MARCHEWKA","article_modified_time":"2026-01-13T15:47:40+00:00","og_image":[{"width":1080,"height":1080,"url":"https:\/\/zdrowiebezlekarza.pl\/sklep\/wp-content\/uploads\/2026\/01\/spersonalizowany-jadlospis-dietetyk-kliniczny.jpg","type":"image\/jpeg"}],"twitter_card":"summary_large_image","twitter_misc":{"Szacowany czas czytania":"2 minuty"},"schema":{"@context":"https:\/\/schema.org","@graph":[{"@type":"WebPage","@id":"https:\/\/zdrowiebezlekarza.pl\/sklep\/produkt\/spersonalizowany-jadlospis\/","url":"https:\/\/zdrowiebezlekarza.pl\/sklep\/produkt\/spersonalizowany-jadlospis\/","name":"Spersonalizowany jad\u0142ospis - Gabinet Dietetyczny MARCHEWKA","isPartOf":{"@id":"https:\/\/zdrowiebezlekarza.pl\/sklep\/#website"},"primaryImageOfPage":{"@id":"https:\/\/zdrowiebezlekarza.pl\/sklep\/produkt\/spersonalizowany-jadlospis\/#primaryimage"},"image":{"@id":"https:\/\/zdrowiebezlekarza.pl\/sklep\/produkt\/spersonalizowany-jadlospis\/#primaryimage"},"thumbnailUrl":"https:\/\/i0.wp.com\/zdrowiebezlekarza.pl\/sklep\/wp-content\/uploads\/2026\/01\/spersonalizowany-jadlospis-dietetyk-kliniczny.jpg?fit=1080%2C1080&ssl=1","datePublished":"2026-01-13T15:44:45+00:00","dateModified":"2026-01-13T15:47:40+00:00","breadcrumb":{"@id":"https:\/\/zdrowiebezlekarza.pl\/sklep\/produkt\/spersonalizowany-jadlospis\/#breadcrumb"},"inLanguage":"pl-PL","potentialAction":[{"@type":"ReadAction","target":["https:\/\/zdrowiebezlekarza.pl\/sklep\/produkt\/spersonalizowany-jadlospis\/"]}]},{"@type":"ImageObject","inLanguage":"pl-PL","@id":"https:\/\/zdrowiebezlekarza.pl\/sklep\/produkt\/spersonalizowany-jadlospis\/#primaryimage","url":"https:\/\/i0.wp.com\/zdrowiebezlekarza.pl\/sklep\/wp-content\/uploads\/2026\/01\/spersonalizowany-jadlospis-dietetyk-kliniczny.jpg?fit=1080%2C1080&ssl=1","contentUrl":"https:\/\/i0.wp.com\/zdrowiebezlekarza.pl\/sklep\/wp-content\/uploads\/2026\/01\/spersonalizowany-jadlospis-dietetyk-kliniczny.jpg?fit=1080%2C1080&ssl=1","width":1080,"height":1080,"caption":"spersonalizowany-jadlospis-dietetyk-kliniczny"},{"@type":"BreadcrumbList","@id":"https:\/\/zdrowiebezlekarza.pl\/sklep\/produkt\/spersonalizowany-jadlospis\/#breadcrumb","itemListElement":[{"@type":"ListItem","position":1,"name":"Strona g\u0142\u00f3wna","item":"https:\/\/zdrowiebezlekarza.pl\/sklep\/"},{"@type":"ListItem","position":2,"name":"Sklep","item":"https:\/\/zdrowiebezlekarza.pl\/sklep\/sklep\/"},{"@type":"ListItem","position":3,"name":"Spersonalizowany jad\u0142ospis"}]},{"@type":"WebSite","@id":"https:\/\/zdrowiebezlekarza.pl\/sklep\/#website","url":"https:\/\/zdrowiebezlekarza.pl\/sklep\/","name":"Gabinet Dietetyczny MARCHEWKA","description":"","publisher":{"@id":"https:\/\/zdrowiebezlekarza.pl\/sklep\/#organization"},"potentialAction":[{"@type":"SearchAction","target":{"@type":"EntryPoint","urlTemplate":"https:\/\/zdrowiebezlekarza.pl\/sklep\/?s={search_term_string}"},"query-input":{"@type":"PropertyValueSpecification","valueRequired":true,"valueName":"search_term_string"}}],"inLanguage":"pl-PL"},{"@type":"Organization","@id":"https:\/\/zdrowiebezlekarza.pl\/sklep\/#organization","name":"Gabinet Dietetyczny MARCHEWKA","url":"https:\/\/zdrowiebezlekarza.pl\/sklep\/","logo":{"@type":"ImageObject","inLanguage":"pl-PL","@id":"https:\/\/zdrowiebezlekarza.pl\/sklep\/#\/schema\/logo\/image\/","url":"https:\/\/i0.wp.com\/zdrowiebezlekarza.pl\/sklep\/wp-content\/uploads\/2024\/12\/cropped-sklep-dietetyczny-marchewka.webp?fit=240%2C324&ssl=1","contentUrl":"https:\/\/i0.wp.com\/zdrowiebezlekarza.pl\/sklep\/wp-content\/uploads\/2024\/12\/cropped-sklep-dietetyczny-marchewka.webp?fit=240%2C324&ssl=1","width":240,"height":324,"caption":"Gabinet Dietetyczny MARCHEWKA"},"image":{"@id":"https:\/\/zdrowiebezlekarza.pl\/sklep\/#\/schema\/logo\/image\/"}}]}},"jetpack_sharing_enabled":true,"_links":{"self":[{"href":"https:\/\/zdrowiebezlekarza.pl\/sklep\/wp-json\/wp\/v2\/product\/1474","targetHints":{"allow":["GET"]}}],"collection":[{"href":"https:\/\/zdrowiebezlekarza.pl\/sklep\/wp-json\/wp\/v2\/product"}],"about":[{"href":"https:\/\/zdrowiebezlekarza.pl\/sklep\/wp-json\/wp\/v2\/types\/product"}],"replies":[{"embeddable":true,"href":"https:\/\/zdrowiebezlekarza.pl\/sklep\/wp-json\/wp\/v2\/comments?post=1474"}],"wp:featuredmedia":[{"embeddable":true,"href":"https:\/\/zdrowiebezlekarza.pl\/sklep\/wp-json\/wp\/v2\/media\/1475"}],"wp:attachment":[{"href":"https:\/\/zdrowiebezlekarza.pl\/sklep\/wp-json\/wp\/v2\/media?parent=1474"}],"wp:term":[{"taxonomy":"product_brand","embeddable":true,"href":"https:\/\/zdrowiebezlekarza.pl\/sklep\/wp-json\/wp\/v2\/product_brand?post=1474"},{"taxonomy":"product_cat","embeddable":true,"href":"https:\/\/zdrowiebezlekarza.pl\/sklep\/wp-json\/wp\/v2\/product_cat?post=1474"},{"taxonomy":"product_tag","embeddable":true,"href":"https:\/\/zdrowiebezlekarza.pl\/sklep\/wp-json\/wp\/v2\/product_tag?post=1474"}],"curies":[{"name":"wp","href":"https:\/\/api.w.org\/{rel}","templated":true}]}}