{"id":1468,"date":"2026-01-13T16:01:15","date_gmt":"2026-01-13T15:01:15","guid":{"rendered":"https:\/\/zdrowiebezlekarza.pl\/sklep\/?post_type=product&#038;p=1468"},"modified":"2026-01-13T16:27:08","modified_gmt":"2026-01-13T15:27:08","slug":"pakiet-stabilizacja-8-wizyt","status":"publish","type":"product","link":"https:\/\/zdrowiebezlekarza.pl\/sklep\/produkt\/pakiet-stabilizacja-8-wizyt\/","title":{"rendered":"Pakiet STABILIZACJA &#8211; 8 wizyt"},"content":{"rendered":"<p data-path-to-node=\"10\">Najcz\u0119\u015bciej wybierany przez moich pacjent\u00f3w. Optymalny czas, aby nie tylko wprowadzi\u0107 zmiany, ale i trwale je utrwali\u0107, szczeg\u00f3lnie przy schorzeniach przewlek\u0142ych.<\/p>\n<p data-path-to-node=\"11\"><b data-path-to-node=\"11\" data-index-in-node=\"0\">Co zyskujesz w tym pakiecie?<\/b><\/p>\n<ul data-path-to-node=\"12\">\n<li>\n<p data-path-to-node=\"12,0,0\"><b data-path-to-node=\"12,0,0\" data-index-in-node=\"0\">8 indywidualnych konsultacji (30-60 min ka\u017cda)<\/b> \u2013 to oko\u0142o 2-3 miesi\u0105ce sta\u0142ej opieki dietetyka klinicznego.<\/p>\n<\/li>\n<li>\n<p data-path-to-node=\"12,1,0\"><b data-path-to-node=\"12,1,0\" data-index-in-node=\"0\">G\u0142\u0119bok\u0105 analiz\u0119 post\u0119p\u00f3w:<\/b> W przypadku chor\u00f3b nerek czy onkologii, 8 wizyt pozwala nam na monitorowanie wynik\u00f3w bada\u0144 i dopasowywanie diety do zmieniaj\u0105cego si\u0119 stanu zdrowia.<\/p>\n<\/li>\n<li>\n<p data-path-to-node=\"12,2,0\"><b data-path-to-node=\"12,2,0\" data-index-in-node=\"0\">Edukacj\u0119 \u017cywieniow\u0105:<\/b> Naucz\u0119 Ci\u0119, jak samodzielnie komponowa\u0107 posi\u0142ki, by jedzenie by\u0142o Twoim lekarstwem, a nie ograniczeniem.<\/p>\n<\/li>\n<li>\n<p data-path-to-node=\"12,3,0\"><b data-path-to-node=\"12,3,0\" data-index-in-node=\"0\">Priorytetowy kontakt:<\/b> Jako pacjent pakietowy masz pewno\u015b\u0107 sta\u0142ego monitorowania Twojej drogi do celu.<\/p>\n<\/li>\n<li><strong>BONUS:<\/strong> dodatkowe 8 przepis\u00f3w dostosowanych do Twoich potrzeb<\/li>\n<li>\n<p data-path-to-node=\"12,3,0\"><b data-path-to-node=\"12,3,0\" data-index-in-node=\"0\">Oszcz\u0119dno\u015b\u0107:<\/b> Wybieraj\u0105c pakiet p\u0142acisz mniej za pojedyncz\u0105 konsultacj\u0119 dietetyczn\u0105. Cena za jedn\u0105 wizyt\u0119 z pakietu to 168,75 z\u0142, co daje 100 z\u0142 oszcz\u0119dno\u015bci.<\/p>\n<\/li>\n<\/ul>\n<p data-path-to-node=\"13\"><b data-path-to-node=\"13\" data-index-in-node=\"0\">Jak to dzia\u0142a?<\/b> Po zaksi\u0119gowaniu wp\u0142aty odezw\u0119 si\u0119 do Ciebie w ci\u0105gu 24h, aby zarezerwowa\u0107 pierwszy dogodny termin. Pozosta\u0142e wizyty ustalimy wsp\u00f3lnie zgodnie z Twoim kalendarzem.<\/p>\n<p data-path-to-node=\"13\"><b data-path-to-node=\"23,0\" data-index-in-node=\"0\">Masz pytania przed zakupem?<\/b> Ch\u0119tnie pomog\u0119 Ci dobra\u0107 odpowiedni pakiet do Twoich potrzeb.<\/p>\n<p data-path-to-node=\"13\">\ud83d\udcde Zadzwo\u0144: <b data-path-to-node=\"23,0\" data-index-in-node=\"102\">783 369 887<\/b> \u2709\ufe0f Napisz: <b data-path-to-node=\"23,0\" data-index-in-node=\"125\">sklep@zdrowiebezlekarza.pl<\/b><\/p>\n<hr data-path-to-node=\"14\" \/>\n<p data-path-to-node=\"4\"><em>Pakiet nie zawiera jad\u0142ospisu.<\/em><\/p>\n","protected":false},"excerpt":{"rendered":"<p>Pakiet &#8211; 8 wizyt<\/p>\n","protected":false},"featured_media":1469,"comment_status":"closed","ping_status":"closed","template":"","meta":[],"product_brand":[],"product_cat":[203],"product_tag":[],"class_list":{"0":"post-1468","1":"product","2":"type-product","3":"status-publish","4":"has-post-thumbnail","6":"product_cat-konsultacje-online","8":"first","9":"instock","10":"virtual","11":"purchasable","12":"product-type-simple"},"yoast_head":"<!-- This site is optimized with the Yoast SEO plugin v27.3 - https:\/\/yoast.com\/product\/yoast-seo-wordpress\/ -->\n<title>Pakiet STABILIZACJA - 8 wizyt - Gabinet Dietetyczny MARCHEWKA<\/title>\n<meta name=\"robots\" content=\"index, follow, max-snippet:-1, max-image-preview:large, max-video-preview:-1\" \/>\n<link rel=\"canonical\" href=\"https:\/\/zdrowiebezlekarza.pl\/sklep\/produkt\/pakiet-stabilizacja-8-wizyt\/\" \/>\n<meta property=\"og:locale\" content=\"pl_PL\" \/>\n<meta property=\"og:type\" content=\"article\" \/>\n<meta property=\"og:title\" content=\"Pakiet STABILIZACJA - 8 wizyt - Gabinet Dietetyczny MARCHEWKA\" \/>\n<meta property=\"og:description\" content=\"Pakiet - 8 wizyt\" \/>\n<meta property=\"og:url\" content=\"https:\/\/zdrowiebezlekarza.pl\/sklep\/produkt\/pakiet-stabilizacja-8-wizyt\/\" \/>\n<meta property=\"og:site_name\" content=\"Gabinet Dietetyczny MARCHEWKA\" \/>\n<meta property=\"article:modified_time\" content=\"2026-01-13T15:27:08+00:00\" \/>\n<meta property=\"og:image\" content=\"https:\/\/zdrowiebezlekarza.pl\/sklep\/wp-content\/uploads\/2026\/01\/3.jpg\" \/>\n\t<meta property=\"og:image:width\" content=\"1080\" \/>\n\t<meta property=\"og:image:height\" content=\"1080\" \/>\n\t<meta property=\"og:image:type\" content=\"image\/jpeg\" \/>\n<meta name=\"twitter:card\" content=\"summary_large_image\" \/>\n<meta name=\"twitter:label1\" content=\"Szacowany czas czytania\" \/>\n\t<meta name=\"twitter:data1\" content=\"1 minuta\" \/>\n<script type=\"application\/ld+json\" class=\"yoast-schema-graph\">{\"@context\":\"https:\\\/\\\/schema.org\",\"@graph\":[{\"@type\":\"WebPage\",\"@id\":\"https:\\\/\\\/zdrowiebezlekarza.pl\\\/sklep\\\/produkt\\\/pakiet-stabilizacja-8-wizyt\\\/\",\"url\":\"https:\\\/\\\/zdrowiebezlekarza.pl\\\/sklep\\\/produkt\\\/pakiet-stabilizacja-8-wizyt\\\/\",\"name\":\"Pakiet STABILIZACJA - 8 wizyt - Gabinet Dietetyczny MARCHEWKA\",\"isPartOf\":{\"@id\":\"https:\\\/\\\/zdrowiebezlekarza.pl\\\/sklep\\\/#website\"},\"primaryImageOfPage\":{\"@id\":\"https:\\\/\\\/zdrowiebezlekarza.pl\\\/sklep\\\/produkt\\\/pakiet-stabilizacja-8-wizyt\\\/#primaryimage\"},\"image\":{\"@id\":\"https:\\\/\\\/zdrowiebezlekarza.pl\\\/sklep\\\/produkt\\\/pakiet-stabilizacja-8-wizyt\\\/#primaryimage\"},\"thumbnailUrl\":\"https:\\\/\\\/i0.wp.com\\\/zdrowiebezlekarza.pl\\\/sklep\\\/wp-content\\\/uploads\\\/2026\\\/01\\\/3.jpg?fit=1080%2C1080&ssl=1\",\"datePublished\":\"2026-01-13T15:01:15+00:00\",\"dateModified\":\"2026-01-13T15:27:08+00:00\",\"breadcrumb\":{\"@id\":\"https:\\\/\\\/zdrowiebezlekarza.pl\\\/sklep\\\/produkt\\\/pakiet-stabilizacja-8-wizyt\\\/#breadcrumb\"},\"inLanguage\":\"pl-PL\",\"potentialAction\":[{\"@type\":\"ReadAction\",\"target\":[\"https:\\\/\\\/zdrowiebezlekarza.pl\\\/sklep\\\/produkt\\\/pakiet-stabilizacja-8-wizyt\\\/\"]}]},{\"@type\":\"ImageObject\",\"inLanguage\":\"pl-PL\",\"@id\":\"https:\\\/\\\/zdrowiebezlekarza.pl\\\/sklep\\\/produkt\\\/pakiet-stabilizacja-8-wizyt\\\/#primaryimage\",\"url\":\"https:\\\/\\\/i0.wp.com\\\/zdrowiebezlekarza.pl\\\/sklep\\\/wp-content\\\/uploads\\\/2026\\\/01\\\/3.jpg?fit=1080%2C1080&ssl=1\",\"contentUrl\":\"https:\\\/\\\/i0.wp.com\\\/zdrowiebezlekarza.pl\\\/sklep\\\/wp-content\\\/uploads\\\/2026\\\/01\\\/3.jpg?fit=1080%2C1080&ssl=1\",\"width\":1080,\"height\":1080,\"caption\":\"Pakiet STABILIZACJA - 8 wizyt\"},{\"@type\":\"BreadcrumbList\",\"@id\":\"https:\\\/\\\/zdrowiebezlekarza.pl\\\/sklep\\\/produkt\\\/pakiet-stabilizacja-8-wizyt\\\/#breadcrumb\",\"itemListElement\":[{\"@type\":\"ListItem\",\"position\":1,\"name\":\"Strona g\u0142\u00f3wna\",\"item\":\"https:\\\/\\\/zdrowiebezlekarza.pl\\\/sklep\\\/\"},{\"@type\":\"ListItem\",\"position\":2,\"name\":\"Sklep\",\"item\":\"https:\\\/\\\/zdrowiebezlekarza.pl\\\/sklep\\\/sklep\\\/\"},{\"@type\":\"ListItem\",\"position\":3,\"name\":\"Pakiet STABILIZACJA &#8211; 8 wizyt\"}]},{\"@type\":\"WebSite\",\"@id\":\"https:\\\/\\\/zdrowiebezlekarza.pl\\\/sklep\\\/#website\",\"url\":\"https:\\\/\\\/zdrowiebezlekarza.pl\\\/sklep\\\/\",\"name\":\"Gabinet Dietetyczny MARCHEWKA\",\"description\":\"\",\"publisher\":{\"@id\":\"https:\\\/\\\/zdrowiebezlekarza.pl\\\/sklep\\\/#organization\"},\"potentialAction\":[{\"@type\":\"SearchAction\",\"target\":{\"@type\":\"EntryPoint\",\"urlTemplate\":\"https:\\\/\\\/zdrowiebezlekarza.pl\\\/sklep\\\/?s={search_term_string}\"},\"query-input\":{\"@type\":\"PropertyValueSpecification\",\"valueRequired\":true,\"valueName\":\"search_term_string\"}}],\"inLanguage\":\"pl-PL\"},{\"@type\":\"Organization\",\"@id\":\"https:\\\/\\\/zdrowiebezlekarza.pl\\\/sklep\\\/#organization\",\"name\":\"Gabinet Dietetyczny MARCHEWKA\",\"url\":\"https:\\\/\\\/zdrowiebezlekarza.pl\\\/sklep\\\/\",\"logo\":{\"@type\":\"ImageObject\",\"inLanguage\":\"pl-PL\",\"@id\":\"https:\\\/\\\/zdrowiebezlekarza.pl\\\/sklep\\\/#\\\/schema\\\/logo\\\/image\\\/\",\"url\":\"https:\\\/\\\/i0.wp.com\\\/zdrowiebezlekarza.pl\\\/sklep\\\/wp-content\\\/uploads\\\/2024\\\/12\\\/cropped-sklep-dietetyczny-marchewka.webp?fit=240%2C324&ssl=1\",\"contentUrl\":\"https:\\\/\\\/i0.wp.com\\\/zdrowiebezlekarza.pl\\\/sklep\\\/wp-content\\\/uploads\\\/2024\\\/12\\\/cropped-sklep-dietetyczny-marchewka.webp?fit=240%2C324&ssl=1\",\"width\":240,\"height\":324,\"caption\":\"Gabinet Dietetyczny MARCHEWKA\"},\"image\":{\"@id\":\"https:\\\/\\\/zdrowiebezlekarza.pl\\\/sklep\\\/#\\\/schema\\\/logo\\\/image\\\/\"}}]}<\/script>\n<!-- \/ Yoast SEO plugin. -->","yoast_head_json":{"title":"Pakiet STABILIZACJA - 8 wizyt - Gabinet Dietetyczny MARCHEWKA","robots":{"index":"index","follow":"follow","max-snippet":"max-snippet:-1","max-image-preview":"max-image-preview:large","max-video-preview":"max-video-preview:-1"},"canonical":"https:\/\/zdrowiebezlekarza.pl\/sklep\/produkt\/pakiet-stabilizacja-8-wizyt\/","og_locale":"pl_PL","og_type":"article","og_title":"Pakiet STABILIZACJA - 8 wizyt - Gabinet Dietetyczny MARCHEWKA","og_description":"Pakiet - 8 wizyt","og_url":"https:\/\/zdrowiebezlekarza.pl\/sklep\/produkt\/pakiet-stabilizacja-8-wizyt\/","og_site_name":"Gabinet Dietetyczny MARCHEWKA","article_modified_time":"2026-01-13T15:27:08+00:00","og_image":[{"width":1080,"height":1080,"url":"https:\/\/zdrowiebezlekarza.pl\/sklep\/wp-content\/uploads\/2026\/01\/3.jpg","type":"image\/jpeg"}],"twitter_card":"summary_large_image","twitter_misc":{"Szacowany czas czytania":"1 minuta"},"schema":{"@context":"https:\/\/schema.org","@graph":[{"@type":"WebPage","@id":"https:\/\/zdrowiebezlekarza.pl\/sklep\/produkt\/pakiet-stabilizacja-8-wizyt\/","url":"https:\/\/zdrowiebezlekarza.pl\/sklep\/produkt\/pakiet-stabilizacja-8-wizyt\/","name":"Pakiet STABILIZACJA - 8 wizyt - Gabinet Dietetyczny MARCHEWKA","isPartOf":{"@id":"https:\/\/zdrowiebezlekarza.pl\/sklep\/#website"},"primaryImageOfPage":{"@id":"https:\/\/zdrowiebezlekarza.pl\/sklep\/produkt\/pakiet-stabilizacja-8-wizyt\/#primaryimage"},"image":{"@id":"https:\/\/zdrowiebezlekarza.pl\/sklep\/produkt\/pakiet-stabilizacja-8-wizyt\/#primaryimage"},"thumbnailUrl":"https:\/\/i0.wp.com\/zdrowiebezlekarza.pl\/sklep\/wp-content\/uploads\/2026\/01\/3.jpg?fit=1080%2C1080&ssl=1","datePublished":"2026-01-13T15:01:15+00:00","dateModified":"2026-01-13T15:27:08+00:00","breadcrumb":{"@id":"https:\/\/zdrowiebezlekarza.pl\/sklep\/produkt\/pakiet-stabilizacja-8-wizyt\/#breadcrumb"},"inLanguage":"pl-PL","potentialAction":[{"@type":"ReadAction","target":["https:\/\/zdrowiebezlekarza.pl\/sklep\/produkt\/pakiet-stabilizacja-8-wizyt\/"]}]},{"@type":"ImageObject","inLanguage":"pl-PL","@id":"https:\/\/zdrowiebezlekarza.pl\/sklep\/produkt\/pakiet-stabilizacja-8-wizyt\/#primaryimage","url":"https:\/\/i0.wp.com\/zdrowiebezlekarza.pl\/sklep\/wp-content\/uploads\/2026\/01\/3.jpg?fit=1080%2C1080&ssl=1","contentUrl":"https:\/\/i0.wp.com\/zdrowiebezlekarza.pl\/sklep\/wp-content\/uploads\/2026\/01\/3.jpg?fit=1080%2C1080&ssl=1","width":1080,"height":1080,"caption":"Pakiet STABILIZACJA - 8 wizyt"},{"@type":"BreadcrumbList","@id":"https:\/\/zdrowiebezlekarza.pl\/sklep\/produkt\/pakiet-stabilizacja-8-wizyt\/#breadcrumb","itemListElement":[{"@type":"ListItem","position":1,"name":"Strona g\u0142\u00f3wna","item":"https:\/\/zdrowiebezlekarza.pl\/sklep\/"},{"@type":"ListItem","position":2,"name":"Sklep","item":"https:\/\/zdrowiebezlekarza.pl\/sklep\/sklep\/"},{"@type":"ListItem","position":3,"name":"Pakiet STABILIZACJA &#8211; 8 wizyt"}]},{"@type":"WebSite","@id":"https:\/\/zdrowiebezlekarza.pl\/sklep\/#website","url":"https:\/\/zdrowiebezlekarza.pl\/sklep\/","name":"Gabinet Dietetyczny MARCHEWKA","description":"","publisher":{"@id":"https:\/\/zdrowiebezlekarza.pl\/sklep\/#organization"},"potentialAction":[{"@type":"SearchAction","target":{"@type":"EntryPoint","urlTemplate":"https:\/\/zdrowiebezlekarza.pl\/sklep\/?s={search_term_string}"},"query-input":{"@type":"PropertyValueSpecification","valueRequired":true,"valueName":"search_term_string"}}],"inLanguage":"pl-PL"},{"@type":"Organization","@id":"https:\/\/zdrowiebezlekarza.pl\/sklep\/#organization","name":"Gabinet Dietetyczny MARCHEWKA","url":"https:\/\/zdrowiebezlekarza.pl\/sklep\/","logo":{"@type":"ImageObject","inLanguage":"pl-PL","@id":"https:\/\/zdrowiebezlekarza.pl\/sklep\/#\/schema\/logo\/image\/","url":"https:\/\/i0.wp.com\/zdrowiebezlekarza.pl\/sklep\/wp-content\/uploads\/2024\/12\/cropped-sklep-dietetyczny-marchewka.webp?fit=240%2C324&ssl=1","contentUrl":"https:\/\/i0.wp.com\/zdrowiebezlekarza.pl\/sklep\/wp-content\/uploads\/2024\/12\/cropped-sklep-dietetyczny-marchewka.webp?fit=240%2C324&ssl=1","width":240,"height":324,"caption":"Gabinet Dietetyczny MARCHEWKA"},"image":{"@id":"https:\/\/zdrowiebezlekarza.pl\/sklep\/#\/schema\/logo\/image\/"}}]}},"jetpack_sharing_enabled":true,"_links":{"self":[{"href":"https:\/\/zdrowiebezlekarza.pl\/sklep\/wp-json\/wp\/v2\/product\/1468","targetHints":{"allow":["GET"]}}],"collection":[{"href":"https:\/\/zdrowiebezlekarza.pl\/sklep\/wp-json\/wp\/v2\/product"}],"about":[{"href":"https:\/\/zdrowiebezlekarza.pl\/sklep\/wp-json\/wp\/v2\/types\/product"}],"replies":[{"embeddable":true,"href":"https:\/\/zdrowiebezlekarza.pl\/sklep\/wp-json\/wp\/v2\/comments?post=1468"}],"wp:featuredmedia":[{"embeddable":true,"href":"https:\/\/zdrowiebezlekarza.pl\/sklep\/wp-json\/wp\/v2\/media\/1469"}],"wp:attachment":[{"href":"https:\/\/zdrowiebezlekarza.pl\/sklep\/wp-json\/wp\/v2\/media?parent=1468"}],"wp:term":[{"taxonomy":"product_brand","embeddable":true,"href":"https:\/\/zdrowiebezlekarza.pl\/sklep\/wp-json\/wp\/v2\/product_brand?post=1468"},{"taxonomy":"product_cat","embeddable":true,"href":"https:\/\/zdrowiebezlekarza.pl\/sklep\/wp-json\/wp\/v2\/product_cat?post=1468"},{"taxonomy":"product_tag","embeddable":true,"href":"https:\/\/zdrowiebezlekarza.pl\/sklep\/wp-json\/wp\/v2\/product_tag?post=1468"}],"curies":[{"name":"wp","href":"https:\/\/api.w.org\/{rel}","templated":true}]}}